{"id":1717,"date":"2025-07-15T10:16:36","date_gmt":"2025-07-15T10:16:36","guid":{"rendered":"https:\/\/growgood.svb.la-studioweb.com\/?page_id=1717"},"modified":"2026-04-17T13:49:49","modified_gmt":"2026-04-17T11:49:49","slug":"apropos","status":"publish","type":"page","link":"https:\/\/epeconflans.org\/index.php\/apropos\/","title":{"rendered":"A notre propos"},"content":{"rendered":"\t\t<div data-elementor-type=\"wp-page\" data-elementor-id=\"1717\" class=\"elementor elementor-1717\">\n\t\t\t\t<div class=\"elementor-element elementor-element-36f6554 e-flex e-con-boxed lakit-col-width-auto-no e-container e-root-container elementor-top-section e-con e-parent\" data-id=\"36f6554\" data-element_type=\"container\" data-settings=\"{&quot;background_background&quot;:&quot;classic&quot;,&quot;background_motion_fx_motion_fx_scrolling&quot;:&quot;yes&quot;,&quot;background_motion_fx_translateY_effect&quot;:&quot;yes&quot;,&quot;background_motion_fx_translateY_speed&quot;:{&quot;unit&quot;:&quot;px&quot;,&quot;size&quot;:2,&quot;sizes&quot;:[]},&quot;background_motion_fx_devices&quot;:[&quot;tablet&quot;,&quot;desktop&quot;],&quot;shape_divider_bottom&quot;:&quot;lakit-shape-10&quot;,&quot;shape_divider_bottom_negative&quot;:&quot;yes&quot;,&quot;background_motion_fx_translateY_affectedRange&quot;:{&quot;unit&quot;:&quot;%&quot;,&quot;size&quot;:&quot;&quot;,&quot;sizes&quot;:{&quot;start&quot;:20,&quot;end&quot;:80}}}\">\n\t\t\t\t\t<div class=\"e-con-inner\">\n\t\t\t\t<div class=\"elementor-shape elementor-shape-bottom\" aria-hidden=\"true\" data-negative=\"true\">\n\t\t\t<svg xmlns=\"http:\/\/www.w3.org\/2000\/svg\" preserveAspectRatio=\"none\" viewBox=\"0 0 1514 45\">\n    <path class=\"elementor-shape-fill\" fill=\"#000\" d=\"M1514 22.429s-114 50.465-526.5 0-987.5 0-987.5 0V45h1514V22.429Z\"\/>\n<\/svg>\t\t<\/div>\n\t\t\t\t<div class=\"elementor-element elementor-element-c853180 lakit-breadcrumbs-page-title-yes lakit-breadcrumbs-align-center elementor-invisible elementor-widget lastudio-kit elementor-lakit-breadcrumbs\" data-id=\"c853180\" data-element_type=\"widget\" data-settings=\"{&quot;_animation&quot;:&quot;lakitFoldDown&quot;,&quot;_animation_delay&quot;:150}\" data-widget_type=\"lakit-breadcrumbs.default\">\n\t\t\t\t\t\n\t\t<div class=\"lakit-breadcrumbs\"><h1 class=\"lakit-breadcrumbs__title\">A propos<\/h1>\n\t\t<div class=\"lakit-breadcrumbs__content\">\n\t\t<div class=\"lakit-breadcrumbs__wrap\"><div class=\"lakit-breadcrumbs__item\"><span class=\"lakit-breadcrumbs__item-target\">A propos<\/span><\/div>\n\t\t<\/div>\n\t\t<\/div>\n\t\t<\/div>\t\t\t\t<\/div>\n\t\t\t\t\t<\/div>\n\t\t\t\t<\/div>\n\t\t<div class=\"elementor-element elementor-element-d014797 e-flex e-con-boxed lakit-col-width-auto-no e-container e-root-container elementor-top-section e-con e-parent\" data-id=\"d014797\" data-element_type=\"container\">\n\t\t\t\t\t<div class=\"e-con-inner\">\n\t\t<div class=\"elementor-element elementor-element-0bb4215 e-con-full e-flex lakit-col-width-auto-no e-container e-con e-child\" data-id=\"0bb4215\" data-element_type=\"container\">\n\t\t\t\t<div class=\"elementor-element elementor-element-7199d76 elementor-absolute e-transform elementor-view-default elementor-invisible elementor-widget elementor-widget-icon\" data-id=\"7199d76\" data-element_type=\"widget\" data-settings=\"{&quot;_position&quot;:&quot;absolute&quot;,&quot;_transform_flipX_effect&quot;:&quot;transform&quot;,&quot;_animation&quot;:&quot;fadeIn&quot;,&quot;_animation_delay&quot;:450}\" data-widget_type=\"icon.default\">\n\t\t\t\t\t\t\t<div class=\"elementor-icon-wrapper\">\n\t\t\t<div class=\"elementor-icon\">\n\t\t\t<svg xmlns=\"http:\/\/www.w3.org\/2000\/svg\" width=\"164\" height=\"146\" fill=\"none\" viewBox=\"0 0 164 146\"><path fill=\"currentColor\" d=\"M91.148.217c-1.36.133-3.06-.034-8.678 1.867-19.657 6.653-32.348 16.664-42.74 34.187-17.956 26.391-77.354 116.723-1.725 109.025 19.911-2.026 168.532-48.612 113.417-56.268l-1.219-.17c-19.601-2.722-31.268-4.342-28.347-4.667 12.348-1.375 43.93-8.374 39.242-26.974-5.495-21.802-76.898 9.017-66.558-10.95 3.533-6.822 12.229-47.584-3.392-46.05Z\"><\/path><\/svg>\t\t\t<\/div>\n\t\t<\/div>\n\t\t\t\t\t\t<\/div>\n\t\t\t\t<div class=\"elementor-element elementor-element-a3e2b61 elementor-absolute elementor-view-default elementor-invisible elementor-widget elementor-widget-icon\" data-id=\"a3e2b61\" data-element_type=\"widget\" data-settings=\"{&quot;_position&quot;:&quot;absolute&quot;,&quot;_animation&quot;:&quot;lakitShortFadeInUp&quot;,&quot;_animation_delay&quot;:350}\" data-widget_type=\"icon.default\">\n\t\t\t\t\t\t\t<div class=\"elementor-icon-wrapper\">\n\t\t\t<div class=\"elementor-icon\">\n\t\t\t<svg xmlns=\"http:\/\/www.w3.org\/2000\/svg\" width=\"164\" height=\"146\" fill=\"none\" viewBox=\"0 0 164 146\"><path fill=\"currentColor\" d=\"M91.148.217c-1.36.133-3.06-.034-8.678 1.867-19.657 6.653-32.348 16.664-42.74 34.187-17.956 26.391-77.354 116.723-1.725 109.025 19.911-2.026 168.532-48.612 113.417-56.268l-1.219-.17c-19.601-2.722-31.268-4.342-28.347-4.667 12.348-1.375 43.93-8.374 39.242-26.974-5.495-21.802-76.898 9.017-66.558-10.95 3.533-6.822 12.229-47.584-3.392-46.05Z\"><\/path><\/svg>\t\t\t<\/div>\n\t\t<\/div>\n\t\t\t\t\t\t<\/div>\n\t\t<div class=\"elementor-element elementor-element-2b79f61 e-con-full e-flex lakit-col-width-auto-no e-container e-con e-child\" data-id=\"2b79f61\" data-element_type=\"container\">\n\t\t\t\t<div class=\"elementor-element elementor-element-73ea142 elementor-widget__width-initial elementor-invisible elementor-widget elementor-widget-image\" data-id=\"73ea142\" data-element_type=\"widget\" data-settings=\"{&quot;_animation&quot;:&quot;lakitFoldDown&quot;,&quot;_animation_delay&quot;:250}\" data-widget_type=\"image.default\">\n\t\t\t\t\t\t\t\t\t\t\t\t\t\t\t<img decoding=\"async\" width=\"232\" height=\"59\" src=\"https:\/\/epeconflans.org\/wp-content\/uploads\/2025\/08\/gw-svg-a.png\" class=\"attachment-full size-full wp-image-2969\" alt=\"\" \/>\t\t\t\t\t\t\t\t\t\t\t\t\t\t\t<\/div>\n\t\t\t\t<div class=\"elementor-element elementor-element-4eafea9 elementor-invisible elementor-widget elementor-widget-heading\" data-id=\"4eafea9\" data-element_type=\"widget\" data-settings=\"{&quot;_animation&quot;:&quot;lakitFoldDown&quot;,&quot;_animation_delay&quot;:200}\" data-widget_type=\"heading.default\">\n\t\t\t\t\t<h2 class=\"elementor-heading-title elementor-size-default\">Qui sommes-nous ?\n\n<\/h2>\t\t\t\t<\/div>\n\t\t\t\t<div class=\"elementor-element elementor-element-71276e9 elementor-invisible elementor-widget elementor-widget-text-editor\" data-id=\"71276e9\" data-element_type=\"widget\" data-settings=\"{&quot;_animation&quot;:&quot;lakitFoldDown&quot;,&quot;_animation_delay&quot;:300}\" data-widget_type=\"text-editor.default\">\n\t\t\t\t\t\t\t\t\t<p>\u00a0<\/p><p>Un certain nombre de chr\u00e9tiens \u00e9vang\u00e9liques de Conflans-Sainte-Honorine \u00e9taient membres de la communaut\u00e9 des fr\u00e8res sise rue des Gobelins, Paris 13. En 1958, suite \u00e0 la campagne d\u2019\u00e9vang\u00e9lisation men\u00e9e par l\u2019\u00e9vang\u00e9liste Billy GRAHAM \u00e0 Paris, il eut d\u2019autres conversions \u00e0 Conflans et, la communaut\u00e9 locale s\u2019\u00e9tant agrandie, ils d\u00e9cid\u00e8rent la cr\u00e9ation de l\u2019\u00e9glise locale. C\u2019est cette communaut\u00e9 qui, reconnue comme la toute premi\u00e8re association loi 1905 dans ce qui s\u2019appelait alors d\u00e9partement de Seine et Oise (Yvelines et Val d\u2019Oise r\u00e9unis), continue le t\u00e9moignage de J\u00e9sus-Christ jusqu\u2019\u00e0 nos jours.<\/p><p><strong><u>Nous sommes Chr\u00e9tiens\u00a0:<\/u><\/strong><\/p><p>Nous croyons que J\u00e9sus-Christ est l\u2019unique Sauveur qui nous r\u00e9concilie gratuitement avec Dieu et nous d\u00e9livre de la puissance du mal.<\/p><p>Nous sommes en communion par l\u2019Esprit Saint avec tous les chr\u00e9tiens qui ont pris un engagement authentique et personnel avec J\u00e9sus-Christ.<\/p><p><strong><u>Nous sommes Protestants\u00a0:<\/u><\/strong><\/p><p>Nous croyons que toute la Bible (Ancien et Nouveau Testament) est la parole du Dieu cr\u00e9ateur qui s\u2019est r\u00e9v\u00e9l\u00e9 en la personne de J\u00e9sus-Christ. L\u2019enseignement et la vie de l\u2019\u00c9glise sont r\u00e9gis par cette parole. Ainsi, nous nous situons dans le protestantisme issu de la r\u00e9forme. Nous formons un rassemblement dont on devient membre non par filiation, ni par manipulation (comme les sectes) mais par libre d\u00e9termination de l\u2019individu conscient et responsable.<\/p><p>\u00a0<\/p><p><strong><u>Nous sommes \u00c9vang\u00e9liques\u00a0:<\/u><\/strong><\/p><p>Nous nous effor\u00e7ons de vivre selon le mod\u00e8le biblique des \u00e9glises chr\u00e9tiennes primitives. Comme elles, nous t\u00e9moignons de notre foi et encourageons la participation active de chacun, en vue de l\u2019\u00e9panouissement de l\u2019ensemble des membres.<\/p><p>\u00a0L\u2019\u00c9glise Protestante \u00c9vang\u00e9lique de Conflans fait partie de la famille d\u2019\u00e9glises <strong><em>Perspectives<\/em><\/strong>.<\/p><p>Elle est membre du CNEF (conseil national des \u00e9vang\u00e9liques de France).<\/p><p>Founded in 1986, our mission started with a simple goal: to bring hope where it\u2019s needed most. Today, we work with generous donors, passionate volunteers, and local partners to deliver real impact, one life at a time.<\/p>\t\t\t\t\t\t\t\t<\/div>\n\t\t\t\t<\/div>\n\t\t<div class=\"elementor-element elementor-element-95eb938 e-con-full e-flex lakit-col-width-auto-no e-container e-con e-child\" data-id=\"95eb938\" data-element_type=\"container\">\n\t\t\t\t<div class=\"elementor-element elementor-element-628e5c0 elementor-widget__width-initial elementor-invisible elementor-widget elementor-widget-image\" data-id=\"628e5c0\" data-element_type=\"widget\" data-settings=\"{&quot;motion_fx_motion_fx_scrolling&quot;:&quot;yes&quot;,&quot;motion_fx_translateY_effect&quot;:&quot;yes&quot;,&quot;motion_fx_translateY_speed&quot;:{&quot;unit&quot;:&quot;px&quot;,&quot;size&quot;:2,&quot;sizes&quot;:[]},&quot;motion_fx_motion_fx_mouse&quot;:&quot;yes&quot;,&quot;motion_fx_devices&quot;:[&quot;tablet&quot;,&quot;desktop&quot;],&quot;_animation&quot;:&quot;lakitShortFadeInUp&quot;,&quot;_animation_delay&quot;:350,&quot;motion_fx_translateY_affectedRange&quot;:{&quot;unit&quot;:&quot;%&quot;,&quot;size&quot;:&quot;&quot;,&quot;sizes&quot;:{&quot;start&quot;:20,&quot;end&quot;:80}}}\" data-widget_type=\"image.default\">\n\t\t\t\t\t\t\t\t\t\t\t\t\t\t\t<img fetchpriority=\"high\" decoding=\"async\" width=\"353\" height=\"303\" src=\"https:\/\/epeconflans.org\/wp-content\/uploads\/2025\/08\/gw-about-s2-img-a.jpg\" class=\"attachment-full size-full wp-image-3239\" alt=\"\" \/>\t\t\t\t\t\t\t\t\t\t\t\t\t\t\t<\/div>\n\t\t\t\t<div class=\"elementor-element elementor-element-19b8a3d elementor-widget__width-initial elementor-invisible elementor-widget elementor-widget-image\" data-id=\"19b8a3d\" data-element_type=\"widget\" data-settings=\"{&quot;_animation&quot;:&quot;lakitRevealCircle&quot;,&quot;_animation_delay&quot;:250}\" data-widget_type=\"image.default\">\n\t\t\t\t\t\t\t\t\t\t\t\t\t\t\t<img decoding=\"async\" width=\"600\" height=\"516\" src=\"https:\/\/epeconflans.org\/wp-content\/uploads\/2025\/08\/gw-about-s2-img-b.jpg\" class=\"attachment-full size-full wp-image-3240\" alt=\"\" \/>\t\t\t\t\t\t\t\t\t\t\t\t\t\t\t<\/div>\n\t\t\t\t<div class=\"elementor-element elementor-element-4223272 elementor-widget__width-initial elementor-absolute elementor-invisible elementor-widget elementor-widget-image\" data-id=\"4223272\" data-element_type=\"widget\" data-settings=\"{&quot;_position&quot;:&quot;absolute&quot;,&quot;_animation&quot;:&quot;lakitShortFadeInUp&quot;,&quot;_animation_delay&quot;:400}\" data-widget_type=\"image.default\">\n\t\t\t\t\t\t\t\t\t\t\t\t\t\t\t<img loading=\"lazy\" decoding=\"async\" width=\"925\" height=\"896\" src=\"https:\/\/epeconflans.org\/wp-content\/uploads\/2025\/08\/gw-m2-s1-img-a.png\" class=\"attachment-full size-full wp-image-3135\" alt=\"\" \/>\t\t\t\t\t\t\t\t\t\t\t\t\t\t\t<\/div>\n\t\t\t\t<div class=\"elementor-element elementor-element-d92dc14 elementor-widget__width-initial elementor-invisible elementor-widget elementor-widget-image\" data-id=\"d92dc14\" data-element_type=\"widget\" data-settings=\"{&quot;motion_fx_motion_fx_scrolling&quot;:&quot;yes&quot;,&quot;motion_fx_translateY_effect&quot;:&quot;yes&quot;,&quot;motion_fx_translateY_direction&quot;:&quot;negative&quot;,&quot;motion_fx_translateY_speed&quot;:{&quot;unit&quot;:&quot;px&quot;,&quot;size&quot;:2,&quot;sizes&quot;:[]},&quot;motion_fx_devices&quot;:[&quot;tablet&quot;,&quot;desktop&quot;],&quot;_animation&quot;:&quot;lakitShortFadeInDown&quot;,&quot;_animation_delay&quot;:350,&quot;motion_fx_translateY_affectedRange&quot;:{&quot;unit&quot;:&quot;%&quot;,&quot;size&quot;:&quot;&quot;,&quot;sizes&quot;:{&quot;start&quot;:20,&quot;end&quot;:80}}}\" data-widget_type=\"image.default\">\n\t\t\t\t\t\t\t\t\t\t\t\t\t\t\t<img loading=\"lazy\" decoding=\"async\" width=\"452\" height=\"389\" src=\"https:\/\/epeconflans.org\/wp-content\/uploads\/2025\/08\/gw-about-s2-img-c.jpg\" class=\"attachment-full size-full wp-image-3241\" alt=\"\" \/>\t\t\t\t\t\t\t\t\t\t\t\t\t\t\t<\/div>\n\t\t\t\t<\/div>\n\t\t\t\t<\/div>\n\t\t\t\t\t<\/div>\n\t\t\t\t<\/div>\n\t\t\t\t<\/div>\n\t\t","protected":false},"excerpt":{"rendered":"<p>A propos A propos Qui sommes-nous ? \u00a0 Un certain nombre de chr\u00e9tiens \u00e9vang\u00e9liques de Conflans-Sainte-Honorine \u00e9taient membres de la communaut\u00e9 des fr\u00e8res sise rue des Gobelins, Paris 13. En 1958, suite \u00e0 la campagne d\u2019\u00e9vang\u00e9lisation men\u00e9e par l\u2019\u00e9vang\u00e9liste Billy GRAHAM \u00e0 Paris, il eut d\u2019autres conversions \u00e0 Conflans et,&hellip;<\/p>\n","protected":false},"author":1,"featured_media":0,"parent":0,"menu_order":0,"comment_status":"closed","ping_status":"closed","template":"","meta":{"give_campaign_id":0,"footnotes":""},"class_list":["post-1717","page","type-page","status-publish","hentry"],"campaignId":"","_links":{"self":[{"href":"https:\/\/epeconflans.org\/index.php\/wp-json\/wp\/v2\/pages\/1717","targetHints":{"allow":["GET"]}}],"collection":[{"href":"https:\/\/epeconflans.org\/index.php\/wp-json\/wp\/v2\/pages"}],"about":[{"href":"https:\/\/epeconflans.org\/index.php\/wp-json\/wp\/v2\/types\/page"}],"author":[{"embeddable":true,"href":"https:\/\/epeconflans.org\/index.php\/wp-json\/wp\/v2\/users\/1"}],"replies":[{"embeddable":true,"href":"https:\/\/epeconflans.org\/index.php\/wp-json\/wp\/v2\/comments?post=1717"}],"version-history":[{"count":5,"href":"https:\/\/epeconflans.org\/index.php\/wp-json\/wp\/v2\/pages\/1717\/revisions"}],"predecessor-version":[{"id":3603,"href":"https:\/\/epeconflans.org\/index.php\/wp-json\/wp\/v2\/pages\/1717\/revisions\/3603"}],"wp:attachment":[{"href":"https:\/\/epeconflans.org\/index.php\/wp-json\/wp\/v2\/media?parent=1717"}],"curies":[{"name":"wp","href":"https:\/\/api.w.org\/{rel}","templated":true}]}}