{"id":3636,"date":"2026-04-21T12:25:44","date_gmt":"2026-04-21T10:25:44","guid":{"rendered":"https:\/\/epeconflans.org\/?page_id=3636"},"modified":"2026-04-21T12:35:27","modified_gmt":"2026-04-21T10:35:27","slug":"leconseil","status":"publish","type":"page","link":"https:\/\/epeconflans.org\/index.php\/leconseil\/","title":{"rendered":"Le conseil"},"content":{"rendered":"\t\t<div data-elementor-type=\"wp-page\" data-elementor-id=\"3636\" class=\"elementor elementor-3636\">\n\t\t\t\t<div class=\"elementor-element elementor-element-36f6554 e-flex e-con-boxed lakit-col-width-auto-no e-container e-root-container elementor-top-section e-con e-parent\" data-id=\"36f6554\" data-element_type=\"container\" data-settings=\"{&quot;background_background&quot;:&quot;classic&quot;,&quot;background_motion_fx_motion_fx_scrolling&quot;:&quot;yes&quot;,&quot;background_motion_fx_translateY_effect&quot;:&quot;yes&quot;,&quot;background_motion_fx_translateY_speed&quot;:{&quot;unit&quot;:&quot;px&quot;,&quot;size&quot;:2,&quot;sizes&quot;:[]},&quot;background_motion_fx_devices&quot;:[&quot;tablet&quot;,&quot;desktop&quot;],&quot;shape_divider_bottom&quot;:&quot;lakit-shape-10&quot;,&quot;shape_divider_bottom_negative&quot;:&quot;yes&quot;,&quot;background_motion_fx_translateY_affectedRange&quot;:{&quot;unit&quot;:&quot;%&quot;,&quot;size&quot;:&quot;&quot;,&quot;sizes&quot;:{&quot;start&quot;:20,&quot;end&quot;:80}}}\">\n\t\t\t\t\t<div class=\"e-con-inner\">\n\t\t\t\t<div class=\"elementor-shape elementor-shape-bottom\" aria-hidden=\"true\" data-negative=\"true\">\n\t\t\t<svg xmlns=\"http:\/\/www.w3.org\/2000\/svg\" preserveAspectRatio=\"none\" viewBox=\"0 0 1514 45\">\n    <path class=\"elementor-shape-fill\" fill=\"#000\" d=\"M1514 22.429s-114 50.465-526.5 0-987.5 0-987.5 0V45h1514V22.429Z\"\/>\n<\/svg>\t\t<\/div>\n\t\t\t\t<div class=\"elementor-element elementor-element-c853180 lakit-breadcrumbs-page-title-yes lakit-breadcrumbs-align-center elementor-invisible elementor-widget lastudio-kit elementor-lakit-breadcrumbs\" data-id=\"c853180\" data-element_type=\"widget\" data-settings=\"{&quot;_animation&quot;:&quot;lakitFoldDown&quot;,&quot;_animation_delay&quot;:150}\" data-widget_type=\"lakit-breadcrumbs.default\">\n\t\t\t\t\t\n\t\t<div class=\"lakit-breadcrumbs\"><h1 class=\"lakit-breadcrumbs__title\">Le Conseil<\/h1>\n\t\t<div class=\"lakit-breadcrumbs__content\">\n\t\t<div class=\"lakit-breadcrumbs__wrap\"><div class=\"lakit-breadcrumbs__item\"><span class=\"lakit-breadcrumbs__item-target\">Le Conseil<\/span><\/div>\n\t\t<\/div>\n\t\t<\/div>\n\t\t<\/div>\t\t\t\t<\/div>\n\t\t\t\t\t<\/div>\n\t\t\t\t<\/div>\n\t\t<div class=\"elementor-element elementor-element-d014797 e-flex e-con-boxed lakit-col-width-auto-no e-container e-root-container elementor-top-section e-con e-parent\" data-id=\"d014797\" data-element_type=\"container\">\n\t\t\t\t\t<div class=\"e-con-inner\">\n\t\t<div class=\"elementor-element elementor-element-0bb4215 e-con-full e-flex lakit-col-width-auto-no e-container e-con e-child\" data-id=\"0bb4215\" data-element_type=\"container\">\n\t\t\t\t<div class=\"elementor-element elementor-element-7199d76 elementor-absolute e-transform elementor-view-default elementor-invisible elementor-widget elementor-widget-icon\" data-id=\"7199d76\" data-element_type=\"widget\" data-settings=\"{&quot;_position&quot;:&quot;absolute&quot;,&quot;_transform_flipX_effect&quot;:&quot;transform&quot;,&quot;_animation&quot;:&quot;fadeIn&quot;,&quot;_animation_delay&quot;:450}\" data-widget_type=\"icon.default\">\n\t\t\t\t\t\t\t<div class=\"elementor-icon-wrapper\">\n\t\t\t<div class=\"elementor-icon\">\n\t\t\t<svg xmlns=\"http:\/\/www.w3.org\/2000\/svg\" width=\"164\" height=\"146\" fill=\"none\" viewBox=\"0 0 164 146\"><path fill=\"currentColor\" d=\"M91.148.217c-1.36.133-3.06-.034-8.678 1.867-19.657 6.653-32.348 16.664-42.74 34.187-17.956 26.391-77.354 116.723-1.725 109.025 19.911-2.026 168.532-48.612 113.417-56.268l-1.219-.17c-19.601-2.722-31.268-4.342-28.347-4.667 12.348-1.375 43.93-8.374 39.242-26.974-5.495-21.802-76.898 9.017-66.558-10.95 3.533-6.822 12.229-47.584-3.392-46.05Z\"><\/path><\/svg>\t\t\t<\/div>\n\t\t<\/div>\n\t\t\t\t\t\t<\/div>\n\t\t\t\t<div class=\"elementor-element elementor-element-a3e2b61 elementor-absolute elementor-view-default elementor-invisible elementor-widget elementor-widget-icon\" data-id=\"a3e2b61\" data-element_type=\"widget\" data-settings=\"{&quot;_position&quot;:&quot;absolute&quot;,&quot;_animation&quot;:&quot;lakitShortFadeInUp&quot;,&quot;_animation_delay&quot;:350}\" data-widget_type=\"icon.default\">\n\t\t\t\t\t\t\t<div class=\"elementor-icon-wrapper\">\n\t\t\t<div class=\"elementor-icon\">\n\t\t\t<svg xmlns=\"http:\/\/www.w3.org\/2000\/svg\" width=\"164\" height=\"146\" fill=\"none\" viewBox=\"0 0 164 146\"><path fill=\"currentColor\" d=\"M91.148.217c-1.36.133-3.06-.034-8.678 1.867-19.657 6.653-32.348 16.664-42.74 34.187-17.956 26.391-77.354 116.723-1.725 109.025 19.911-2.026 168.532-48.612 113.417-56.268l-1.219-.17c-19.601-2.722-31.268-4.342-28.347-4.667 12.348-1.375 43.93-8.374 39.242-26.974-5.495-21.802-76.898 9.017-66.558-10.95 3.533-6.822 12.229-47.584-3.392-46.05Z\"><\/path><\/svg>\t\t\t<\/div>\n\t\t<\/div>\n\t\t\t\t\t\t<\/div>\n\t\t<div class=\"elementor-element elementor-element-2b79f61 e-con-full e-flex lakit-col-width-auto-no e-container e-con e-child\" data-id=\"2b79f61\" data-element_type=\"container\">\n\t\t\t\t<div class=\"elementor-element elementor-element-73ea142 elementor-widget__width-initial elementor-invisible elementor-widget elementor-widget-image\" data-id=\"73ea142\" data-element_type=\"widget\" data-settings=\"{&quot;_animation&quot;:&quot;lakitFoldDown&quot;,&quot;_animation_delay&quot;:250}\" data-widget_type=\"image.default\">\n\t\t\t\t\t\t\t\t\t\t\t\t\t\t\t<img decoding=\"async\" width=\"232\" height=\"59\" src=\"https:\/\/epeconflans.org\/wp-content\/uploads\/2025\/08\/gw-svg-a.png\" class=\"attachment-full size-full wp-image-2969\" alt=\"\" \/>\t\t\t\t\t\t\t\t\t\t\t\t\t\t\t<\/div>\n\t\t\t\t<div class=\"elementor-element elementor-element-4eafea9 elementor-invisible elementor-widget elementor-widget-heading\" data-id=\"4eafea9\" data-element_type=\"widget\" data-settings=\"{&quot;_animation&quot;:&quot;lakitFoldDown&quot;,&quot;_animation_delay&quot;:200}\" data-widget_type=\"heading.default\">\n\t\t\t\t\t<h2 class=\"elementor-heading-title elementor-size-default\">Le Conseil\n\n<\/h2>\t\t\t\t<\/div>\n\t\t\t\t<div class=\"elementor-element elementor-element-71276e9 elementor-invisible elementor-widget elementor-widget-text-editor\" data-id=\"71276e9\" data-element_type=\"widget\" data-settings=\"{&quot;_animation&quot;:&quot;lakitFoldDown&quot;,&quot;_animation_delay&quot;:300}\" data-widget_type=\"text-editor.default\">\n\t\t\t\t\t\t\t\t\t<p class=\"p2\">Le Conseil de l\u2019\u00c9glise constitue un organe essentiel de gouvernance, de discernement et d\u2019accompagnement spirituel. Il \u0153uvre en \u00e9troite collaboration avec le pasteur et les diff\u00e9rents responsables de minist\u00e8res afin d\u2019assurer la bonne marche de la communaut\u00e9, dans l\u2019ordre, l\u2019unit\u00e9 et la vision que Dieu a donn\u00e9e \u00e0 l\u2019\u00c9glise.<\/p><p class=\"p2\">Compos\u00e9 de membres matures dans la foi, reconnus pour leur int\u00e9grit\u00e9, leur sagesse et leur engagement, le Conseil a pour mission principale de veiller \u00e0 la sant\u00e9 spirituelle de l\u2019\u00c9glise, de soutenir la vision pastorale et de participer aux prises de d\u00e9cisions importantes concernant la vie et le d\u00e9veloppement de la communaut\u00e9.<\/p><p class=\"p2\">Le Conseil intervient notamment dans :<\/p><ul class=\"ul1\"><li class=\"li2\">L\u2019orientation strat\u00e9gique de l\u2019\u00c9glise<\/li><li class=\"li2\">Le suivi des activit\u00e9s et des minist\u00e8res<\/li><li class=\"li2\">La gestion administrative et organisationnelle<\/li><li class=\"li2\">Le maintien de l\u2019unit\u00e9 et de la discipline biblique<\/li><li class=\"li2\">L\u2019accompagnement et le conseil des membres<\/li><\/ul><p class=\"p2\">Au-del\u00e0 de son r\u00f4le administratif, le Conseil est avant tout un espace de pri\u00e8re, de r\u00e9flexion et de recherche de la volont\u00e9 de Dieu. Chaque d\u00e9cision est prise dans un esprit de d\u00e9pendance du Saint-Esprit, avec le souci constant de glorifier Dieu et de servir fid\u00e8lement l\u2019ensemble des fid\u00e8les.<\/p><p class=\"p2\">Engag\u00e9 dans une dynamique de service, le Conseil s\u2019efforce d\u2019\u00eatre \u00e0 l\u2019\u00e9coute de la communaut\u00e9 et de r\u00e9pondre avec sagesse aux d\u00e9fis spirituels, sociaux et organisationnels auxquels l\u2019\u00c9glise peut \u00eatre confront\u00e9e.<\/p>\t\t\t\t\t\t\t\t<\/div>\n\t\t\t\t<\/div>\n\t\t<div class=\"elementor-element elementor-element-95eb938 e-con-full e-flex lakit-col-width-auto-no e-container e-con e-child\" data-id=\"95eb938\" data-element_type=\"container\">\n\t\t\t\t<div class=\"elementor-element elementor-element-628e5c0 elementor-widget__width-initial elementor-invisible elementor-widget elementor-widget-image\" data-id=\"628e5c0\" data-element_type=\"widget\" data-settings=\"{&quot;motion_fx_motion_fx_scrolling&quot;:&quot;yes&quot;,&quot;motion_fx_translateY_effect&quot;:&quot;yes&quot;,&quot;motion_fx_translateY_speed&quot;:{&quot;unit&quot;:&quot;px&quot;,&quot;size&quot;:2,&quot;sizes&quot;:[]},&quot;motion_fx_motion_fx_mouse&quot;:&quot;yes&quot;,&quot;motion_fx_devices&quot;:[&quot;tablet&quot;,&quot;desktop&quot;],&quot;_animation&quot;:&quot;lakitShortFadeInUp&quot;,&quot;_animation_delay&quot;:350,&quot;motion_fx_translateY_affectedRange&quot;:{&quot;unit&quot;:&quot;%&quot;,&quot;size&quot;:&quot;&quot;,&quot;sizes&quot;:{&quot;start&quot;:20,&quot;end&quot;:80}}}\" data-widget_type=\"image.default\">\n\t\t\t\t\t\t\t\t\t\t\t\t\t\t\t<img fetchpriority=\"high\" decoding=\"async\" width=\"353\" height=\"303\" src=\"https:\/\/epeconflans.org\/wp-content\/uploads\/2025\/08\/gw-about-s2-img-a.jpg\" class=\"attachment-full size-full wp-image-3239\" alt=\"\" \/>\t\t\t\t\t\t\t\t\t\t\t\t\t\t\t<\/div>\n\t\t\t\t<div class=\"elementor-element elementor-element-19b8a3d elementor-widget__width-initial elementor-invisible elementor-widget elementor-widget-image\" data-id=\"19b8a3d\" data-element_type=\"widget\" data-settings=\"{&quot;_animation&quot;:&quot;lakitRevealCircle&quot;,&quot;_animation_delay&quot;:250}\" data-widget_type=\"image.default\">\n\t\t\t\t\t\t\t\t\t\t\t\t\t\t\t<img decoding=\"async\" width=\"600\" height=\"516\" src=\"https:\/\/epeconflans.org\/wp-content\/uploads\/2025\/08\/gw-about-s2-img-b.jpg\" class=\"attachment-full size-full wp-image-3240\" alt=\"\" \/>\t\t\t\t\t\t\t\t\t\t\t\t\t\t\t<\/div>\n\t\t\t\t<div class=\"elementor-element elementor-element-4223272 elementor-widget__width-initial elementor-absolute elementor-invisible elementor-widget elementor-widget-image\" data-id=\"4223272\" data-element_type=\"widget\" data-settings=\"{&quot;_position&quot;:&quot;absolute&quot;,&quot;_animation&quot;:&quot;lakitShortFadeInUp&quot;,&quot;_animation_delay&quot;:400}\" data-widget_type=\"image.default\">\n\t\t\t\t\t\t\t\t\t\t\t\t\t\t\t<img loading=\"lazy\" decoding=\"async\" width=\"925\" height=\"896\" src=\"https:\/\/epeconflans.org\/wp-content\/uploads\/2025\/08\/gw-m2-s1-img-a.png\" class=\"attachment-full size-full wp-image-3135\" alt=\"\" \/>\t\t\t\t\t\t\t\t\t\t\t\t\t\t\t<\/div>\n\t\t\t\t<div class=\"elementor-element elementor-element-d92dc14 elementor-widget__width-initial elementor-invisible elementor-widget elementor-widget-image\" data-id=\"d92dc14\" data-element_type=\"widget\" data-settings=\"{&quot;motion_fx_motion_fx_scrolling&quot;:&quot;yes&quot;,&quot;motion_fx_translateY_effect&quot;:&quot;yes&quot;,&quot;motion_fx_translateY_direction&quot;:&quot;negative&quot;,&quot;motion_fx_translateY_speed&quot;:{&quot;unit&quot;:&quot;px&quot;,&quot;size&quot;:2,&quot;sizes&quot;:[]},&quot;motion_fx_devices&quot;:[&quot;tablet&quot;,&quot;desktop&quot;],&quot;_animation&quot;:&quot;lakitShortFadeInDown&quot;,&quot;_animation_delay&quot;:350,&quot;motion_fx_translateY_affectedRange&quot;:{&quot;unit&quot;:&quot;%&quot;,&quot;size&quot;:&quot;&quot;,&quot;sizes&quot;:{&quot;start&quot;:20,&quot;end&quot;:80}}}\" data-widget_type=\"image.default\">\n\t\t\t\t\t\t\t\t\t\t\t\t\t\t\t<img loading=\"lazy\" decoding=\"async\" width=\"452\" height=\"389\" src=\"https:\/\/epeconflans.org\/wp-content\/uploads\/2025\/08\/gw-about-s2-img-c.jpg\" class=\"attachment-full size-full wp-image-3241\" alt=\"\" \/>\t\t\t\t\t\t\t\t\t\t\t\t\t\t\t<\/div>\n\t\t\t\t<\/div>\n\t\t\t\t<\/div>\n\t\t\t\t\t<\/div>\n\t\t\t\t<\/div>\n\t\t\t\t<\/div>\n\t\t","protected":false},"excerpt":{"rendered":"<p>Le Conseil Le Conseil Le Conseil Le Conseil de l\u2019\u00c9glise constitue un organe essentiel de gouvernance, de discernement et d\u2019accompagnement spirituel. Il \u0153uvre en \u00e9troite collaboration avec le pasteur et les diff\u00e9rents responsables de minist\u00e8res afin d\u2019assurer la bonne marche de la communaut\u00e9, dans l\u2019ordre, l\u2019unit\u00e9 et la vision que&hellip;<\/p>\n","protected":false},"author":1,"featured_media":0,"parent":0,"menu_order":0,"comment_status":"closed","ping_status":"closed","template":"","meta":{"give_campaign_id":0,"footnotes":""},"class_list":["post-3636","page","type-page","status-publish","hentry"],"campaignId":"","_links":{"self":[{"href":"https:\/\/epeconflans.org\/index.php\/wp-json\/wp\/v2\/pages\/3636","targetHints":{"allow":["GET"]}}],"collection":[{"href":"https:\/\/epeconflans.org\/index.php\/wp-json\/wp\/v2\/pages"}],"about":[{"href":"https:\/\/epeconflans.org\/index.php\/wp-json\/wp\/v2\/types\/page"}],"author":[{"embeddable":true,"href":"https:\/\/epeconflans.org\/index.php\/wp-json\/wp\/v2\/users\/1"}],"replies":[{"embeddable":true,"href":"https:\/\/epeconflans.org\/index.php\/wp-json\/wp\/v2\/comments?post=3636"}],"version-history":[{"count":4,"href":"https:\/\/epeconflans.org\/index.php\/wp-json\/wp\/v2\/pages\/3636\/revisions"}],"predecessor-version":[{"id":3669,"href":"https:\/\/epeconflans.org\/index.php\/wp-json\/wp\/v2\/pages\/3636\/revisions\/3669"}],"wp:attachment":[{"href":"https:\/\/epeconflans.org\/index.php\/wp-json\/wp\/v2\/media?parent=3636"}],"curies":[{"name":"wp","href":"https:\/\/api.w.org\/{rel}","templated":true}]}}